{"id":102,"date":"2019-04-09T22:09:16","date_gmt":"2019-04-09T20:09:16","guid":{"rendered":"http:\/\/www.rj-hotel.eu\/de\/?page_id=102"},"modified":"2019-04-15T22:25:03","modified_gmt":"2019-04-15T20:25:03","slug":"places-to-be","status":"publish","type":"page","link":"https:\/\/www.rj-hotel.eu\/de\/places-to-be\/","title":{"rendered":"PLACES TO BE"},"content":{"rendered":"<h4 class=\"font_6\" style=\"text-align: center;\"><strong>DIE UMGEBUNG<\/strong><\/h4>\n<p class=\"font_7\" style=\"text-align: center;\"><strong><span class=\"color_15\">Ob Shopping, Sport, Europa-Park Besuch\u00a0oder einfach nur am Rhein<\/span><span class=\"color_15\">\u00a0flanieren.<\/span><\/strong><\/p>\n<p style=\"text-align: center;\">Schwarzwald &amp; Frankreich &amp; Schweiz<\/p>\n<p style=\"text-align: center;\">Das Dreil\u00e4ndereck steckt voller Highlights und \u00dcberraschungen<\/p>\n<p class=\"font_7\" style=\"text-align: center;\"><span class=\"color_15\">Rust ist ein idyllisches und vielseitiges altes Fischer- und Bauerndorf am \u00e4u\u00dfersten S\u00fcdrand des Ortenaukreises.<br \/>\nUmgeben von den Naturschutzgebieten \u201eElzwiesen \u201c und \u201eTaubergie\u00dfen\u201c liegt Rust zwischen den Schwarzwaldvorbergen und dem Rhein;<br \/>\nein idealer Ort um sich zu erholen.<br \/>\nErleben Sie den nat\u00fcrlichen Dreiklang aus Naturidylle, Dorfromantik und Freizeitparadies der Gemeinde Rust.<\/span><\/p>\n<p class=\"font_7\" style=\"text-align: center;\"><span class=\"color_15\">Hier finden Sie f\u00fcr die ganze Familie reichhaltige Freizeitangebote \u2013 von Wandern bis Achterbahn fahren!<\/span><\/p>\n<p>&nbsp;<\/p>\n<p style=\"text-align: center;\"><a class=\"btn btn-black\" style=\"text-align: center;\" href=\"\/de\/shuttle-service\/\">SHUTTLE SERVICE<\/a><\/p>\n<p>&nbsp;<\/p>\n<p>&nbsp;<\/p>\n<h4 style=\"text-align: center;\"><strong>AUSFLUGSZIELE<\/strong><\/h4>\n<div id=\"PAGES_CONTAINERcenteredContent\" class=\"pc1centeredContent\" style=\"text-align: center;\">\n<div id=\"PAGES_CONTAINERinlineContent\" class=\"pc1inlineContent\">\n<div>\n<div id=\"akqku\" class=\"style-jthnxvp5\" data-ismobile=\"false\" data-is-mesh-layout=\"true\">\n<div id=\"akqkuinlineContent\" class=\"style-jthnxvp5inlineContent\">\n<div id=\"akqkuinlineContent-gridWrapper\" data-mesh-internal=\"true\">\n<div id=\"akqkuinlineContent-gridContainer\" data-mesh-internal=\"true\">\n<section id=\"comp-jtho2i5y\" class=\"strc1\" data-responsive=\"true\" data-is-screen-width=\"true\" data-col-margin=\"0\" data-row-margin=\"0\">\n<div id=\"comp-jtho2i5yinlineContent\" class=\"strc1inlineContent\">\n<div id=\"comp-jtho2i75\" class=\"mc1\" data-content-width=\"980\" data-is-mesh=\"true\">\n<div id=\"comp-jtho2i75container\" class=\"mc1container\">\n<div id=\"comp-jtho2i75inlineContentParent\" class=\"mc1inlineContentParent\">\n<div id=\"comp-jtho2i75inlineContent\" class=\"mc1inlineContent\">\n<div id=\"comp-jtho2i75inlineContent-gridWrapper\" data-mesh-internal=\"true\">\n<div id=\"comp-jtho2i75inlineContent-gridContainer\" data-mesh-internal=\"true\">\n<div id=\"comp-jtho2i7a\" class=\"txtNew\" data-packed=\"false\" data-min-height=\"748\">\n<h5 class=\"font_5\">\u2013<\/h5>\n<p class=\"font_8\"><strong>Bis 5 km Entfernung<\/strong><\/p>\n<p class=\"font_8\"><span class=\"wixGuard\">\u200b<\/span><a href=\"http:\/\/www.europapark.de\/lang-de\/Startseite\/c1174.html\" target=\"_blank\" rel=\"nofollow noopener\" data-content=\"http:\/\/www.europapark.de\/lang-de\/Startseite\/c1174.html\" data-type=\"external\">Europa-Park Freizeit- und Familienpark Mack OHG<\/a><\/p>\n<p class=\"font_8\"><a href=\"http:\/\/www.funny-world.de\/\" target=\"_blank\" rel=\"nofollow noopener\" data-content=\"http:\/\/www.funny-world.de\/\" data-type=\"external\">Familienpark Funny-World Kappel-Grafenhausen<\/a><\/p>\n<p class=\"font_8\"><a href=\"http:\/\/www.taubergiessen.com\/\" target=\"_blank\" rel=\"nofollow noopener\" data-content=\"http:\/\/www.taubergiessen.com\/\" data-type=\"external\">Naturschutzgebiet Taubergie\u00dfen<\/a><\/p>\n<p class=\"font_8\"><a href=\"http:\/\/www.naturzentrum-rheinauen.eu\/de\/startseite\" target=\"_blank\" rel=\"nofollow noopener\" data-content=\"http:\/\/www.naturzentrum-rheinauen.eu\/de\/startseite\" data-type=\"external\">Naturzentrum Rheinauen Rust<\/a><\/p>\n<p class=\"font_8\"><span class=\"wixGuard\">\u200b<\/span>\u2013<\/p>\n<p class=\"font_8\"><span class=\"wixGuard\">\u200b<\/span><strong>Bis 25 km Entfernung<\/strong><\/p>\n<p class=\"font_8\"><span class=\"wixGuard\">\u200b<\/span><a href=\"http:\/\/www.abenteuer-im-wald.de\/\" target=\"_blank\" rel=\"nofollow noopener\" data-content=\"http:\/\/www.abenteuer-im-wald.de\/\" data-type=\"external\">Abenteuer im Wald Kenzingen<\/a><\/p>\n<p class=\"font_8\"><a href=\"http:\/\/www.golfland-baden-wuerttemberg.de\/golfplaetze.asp?IOS=100203&amp;OUMK=30\" target=\"_blank\" rel=\"nofollow noopener\" data-content=\"http:\/\/www.golfland-baden-wuerttemberg.de\/golfplaetze.asp?IOS=100203&amp;OUMK=30\" data-type=\"external\">Golfpark Breisgau Kaiserstuhl<\/a><\/p>\n<p class=\"font_8\"><a href=\"http:\/\/kingpin-bowling.de\/\" target=\"_blank\" rel=\"nofollow noopener\" data-content=\"http:\/\/kingpin-bowling.de\/\" data-type=\"external\">KingPin Bowlingcenter<\/a><\/p>\n<p class=\"font_8\"><a href=\"http:\/\/www.kunsthallemessmer.de\/ausstellungen\/aktuelles\/\" target=\"_blank\" rel=\"nofollow noopener\" data-content=\"http:\/\/www.kunsthallemessmer.de\/ausstellungen\/aktuelles\/\" data-type=\"external\">Kunsthalle Messmer<\/a><\/p>\n<p class=\"font_8\"><a href=\"http:\/\/www.tabakmuseum-mahlberg.de\/\" target=\"_blank\" rel=\"nofollow noopener\" data-content=\"http:\/\/www.tabakmuseum-mahlberg.de\/\" data-type=\"external\">Oberrheinisches Tabakmuseum<\/a><span class=\"wixGuard\">\u200b<\/span><\/p>\n<p class=\"font_8\">\u2013<span class=\"wixGuard\">\u200b<\/span><\/p>\n<p class=\"font_8\"><strong>Bis 50 km Entfernung<span class=\"wixGuard\">\u200b<\/span><\/strong><\/p>\n<p class=\"font_8\"><a href=\"http:\/\/www.montagnedessinges.com\/de\/parc.php?id_cat=1\" target=\"_blank\" rel=\"nofollow noopener\" data-content=\"http:\/\/www.montagnedessinges.com\/de\/parc.php?id_cat=1\" data-type=\"external\">La Montagne des Singes im Elsass\/ Frankreich<\/a><\/p>\n<p class=\"font_8\"><a href=\"http:\/\/www.burg-hohengeroldseck.de\/\" target=\"_blank\" rel=\"nofollow noopener\" data-content=\"http:\/\/www.burg-hohengeroldseck.de\/\" data-type=\"external\">Burgruine Hohengeroldseck Seelbach<\/a><\/p>\n<p class=\"font_8\"><a href=\"http:\/\/www.elztalmuseum.de\/\" target=\"_blank\" rel=\"nofollow noopener\" data-content=\"http:\/\/www.elztalmuseum.de\/\" data-type=\"external\">Elztalmuseum Waldkirch<\/a><\/p>\n<p class=\"font_8\"><a href=\"http:\/\/www.keidelbad.de\/\" target=\"_blank\" rel=\"nofollow noopener\" data-content=\"http:\/\/www.keidelbad.de\/\" data-type=\"external\">Eugen Keidel Mineral-Thermalbad Freiburg<\/a><\/p>\n<p class=\"font_8\"><a href=\"http:\/\/www.stadt-waldkirch.de\/,Lde\/202051.html\" target=\"_blank\" rel=\"nofollow noopener\" data-content=\"http:\/\/www.stadt-waldkirch.de\/,Lde\/202051.html\" data-type=\"external\">Naturerlebnispark Waldkirch<\/a><\/p>\n<p class=\"font_8\"><a href=\"http:\/\/www.stadt-land-regiokarte.de\/Ausflugsziele\/Freiburg\/Fuehrungen-mit-Freiburg-Kultour\" target=\"_blank\" rel=\"nofollow noopener\" data-content=\"http:\/\/www.stadt-land-regiokarte.de\/Ausflugsziele\/Freiburg\/Fuehrungen-mit-Freiburg-Kultour\" data-type=\"external\">\u00d6ffentliche Stadt- und M\u00fcnsterf\u00fchrung und<\/a><\/p>\n<p class=\"font_8\"><a href=\"http:\/\/www.stadt-land-regiokarte.de\/Ausflugsziele\/Freiburg\/Fuehrungen-mit-Freiburg-Kultour\" target=\"_blank\" rel=\"nofollow noopener\" data-content=\"http:\/\/www.stadt-land-regiokarte.de\/Ausflugsziele\/Freiburg\/Fuehrungen-mit-Freiburg-Kultour\" data-type=\"external\">historische Schauspielf\u00fchrungen in Freiburg<\/a><\/p>\n<p class=\"font_8\"><a href=\"http:\/\/www.schwarzwaldzoo.de\/\" target=\"_blank\" rel=\"nofollow noopener\" data-content=\"http:\/\/www.schwarzwaldzoo.de\/\" data-type=\"external\">\u00a0Schwarzwaldzoo in Waldkirch<\/a><\/p>\n<p class=\"font_8\"><a href=\"http:\/\/www.mundenhof.de\/\" target=\"_blank\" rel=\"nofollow noopener\" data-content=\"http:\/\/www.mundenhof.de\/\" data-type=\"external\">Tier-Natur-Erlebnispark Mundenhof<\/a><\/p>\n<p class=\"font_8\"><a href=\"http:\/\/www.vita-classica.de\/\" target=\"_blank\" rel=\"nofollow noopener\" data-content=\"http:\/\/www.vita-classica.de\/\" data-type=\"external\">Vita Classica Therme Bad Krozingen<\/a><\/p>\n<p class=\"font_8\"><a href=\"http:\/\/www.zeller-keramik.de\/\" target=\"_blank\" rel=\"nofollow noopener\" data-content=\"http:\/\/www.zeller-keramik.de\/\" data-type=\"external\">Zeller Keramik Manufaktur GmbH &amp; Co KG<\/a><\/p>\n<p class=\"font_8\"><span class=\"wixGuard\">\u200b<\/span><\/p>\n<\/div>\n<div id=\"comp-jtho2i75inlineContent-wedge-4\" data-mesh-internal=\"true\"><\/div>\n<\/div>\n<\/div>\n<\/div>\n<\/div>\n<\/div>\n<\/div>\n<\/div>\n<\/section>\n<\/div>\n<\/div>\n<\/div>\n<\/div>\n<\/div>\n<\/div>\n<\/div>","protected":false},"excerpt":{"rendered":"<p>DIE UMGEBUNG Ob Shopping, Sport, Europa-Park Besuch\u00a0oder einfach nur am Rhein\u00a0flanieren. Schwarzwald &amp; Frankreich &amp; Schweiz Das Dreil\u00e4ndereck steckt voller &#8230;<\/p>\n","protected":false},"author":2,"featured_media":0,"parent":0,"menu_order":0,"comment_status":"closed","ping_status":"closed","template":"","meta":{"footnotes":""},"class_list":["post-102","page","type-page","status-publish","hentry"],"_links":{"self":[{"href":"https:\/\/www.rj-hotel.eu\/de\/wp-json\/wp\/v2\/pages\/102","targetHints":{"allow":["GET"]}}],"collection":[{"href":"https:\/\/www.rj-hotel.eu\/de\/wp-json\/wp\/v2\/pages"}],"about":[{"href":"https:\/\/www.rj-hotel.eu\/de\/wp-json\/wp\/v2\/types\/page"}],"author":[{"embeddable":true,"href":"https:\/\/www.rj-hotel.eu\/de\/wp-json\/wp\/v2\/users\/2"}],"replies":[{"embeddable":true,"href":"https:\/\/www.rj-hotel.eu\/de\/wp-json\/wp\/v2\/comments?post=102"}],"version-history":[{"count":15,"href":"https:\/\/www.rj-hotel.eu\/de\/wp-json\/wp\/v2\/pages\/102\/revisions"}],"predecessor-version":[{"id":206,"href":"https:\/\/www.rj-hotel.eu\/de\/wp-json\/wp\/v2\/pages\/102\/revisions\/206"}],"wp:attachment":[{"href":"https:\/\/www.rj-hotel.eu\/de\/wp-json\/wp\/v2\/media?parent=102"}],"curies":[{"name":"wp","href":"https:\/\/api.w.org\/{rel}","templated":true}]}}