{"id":139,"date":"2019-04-15T10:48:17","date_gmt":"2019-04-15T08:48:17","guid":{"rendered":"http:\/\/www.rj-hotel.eu\/de\/?page_id=139"},"modified":"2019-05-04T18:55:49","modified_gmt":"2019-05-04T16:55:49","slug":"allgemeine-information","status":"publish","type":"page","link":"https:\/\/www.rj-hotel.eu\/de\/das-haus\/allgemeine-information\/","title":{"rendered":"Allgemeine Informationen"},"content":{"rendered":"<div id=\"PAGES_CONTAINERcenteredContent\" class=\"pc1centeredContent\">\n<div id=\"PAGES_CONTAINERinlineContent\" class=\"pc1inlineContent\">\n<div id=\"aeemm\" class=\"style-jsd7dj1r\" data-ismobile=\"false\" data-is-mesh-layout=\"true\">\n<div id=\"aeemminlineContent\" class=\"style-jsd7dj1rinlineContent\">\n<div id=\"aeemminlineContent-gridWrapper\" data-mesh-internal=\"true\">\n<div id=\"aeemminlineContent-gridContainer\" data-mesh-internal=\"true\">\n<section id=\"comp-jto8qq3e\" class=\"strc1\" data-responsive=\"true\" data-is-screen-width=\"true\" data-col-margin=\"0\" data-row-margin=\"0\">\n<div id=\"comp-jto8qq3einlineContent\" class=\"strc1inlineContent\">\n<div id=\"comp-jto8qq4d\" class=\"mc1\" data-content-width=\"980\" data-is-mesh=\"true\">\n<div id=\"comp-jto8qq4dcontainer\" class=\"mc1container\">\n<div id=\"comp-jto8qq4dinlineContentParent\" class=\"mc1inlineContentParent\">\n<div id=\"comp-jto8qq4dinlineContent\" class=\"mc1inlineContent\">\n<div id=\"comp-jto8qq4dinlineContent-gridWrapper\" data-mesh-internal=\"true\">\n<div id=\"comp-jto8qq4dinlineContent-gridContainer\" data-mesh-internal=\"true\">\n<div id=\"comp-jto8qq4g\" class=\"txtNew\" data-packed=\"true\">\n<h2 class=\"font_4\" style=\"text-align: left;\"><strong>DAS BIETEN WIR<\/strong><\/h2>\n<div id=\"summary\" class=\"\" style=\"text-align: left;\" data-et-mouseenter=\"customGoal:BUeeZaTaTaBEKMPXLae:1 customGoal:BUeeHNSPdMPISWXGBbLPYO:1 customGoal:BUeeHNSPBAHT:1 customGoal:BUeeHNSPBAcZGPHe:1 customGoal:BUeeHNSPCaASBaRDSGEXO:1 customGoal:BUeeZdbaBMRbBYWKOBLHXT:1 customGoal:BUeeHNSPVfHXe:1\" data-et-click=\"customGoal:BUeeZaTaTaBEKMPXLae:2 customGoal:BUeeHNSPdMPISWXGBbLPYO:2 customGoal:BUeeHNSPBAHT:2 customGoal:BUeeHNSPBAcZGPHe:2 customGoal:BUeeHNSPCaASBaRDSGEXO:2 customGoal:BUeeZdbaBMRbBYWKOBLHXT:2 customGoal:BUeeHNSPVfHXe:2\">\n<div id=\"property_description_content\">\n<h5>Parkpl\u00e4tze<\/h5>\n<\/div>\n<\/div>\n<\/div>\n<\/div>\n<\/div>\n<\/div>\n<\/div>\n<div id=\"comp-jto8qq4dinlineContentParent\" class=\"mc1inlineContentParent\">\n<div id=\"comp-jto8qq4dinlineContent\" class=\"mc1inlineContent\">\n<div id=\"comp-jto8qq4dinlineContent-gridWrapper\" data-mesh-internal=\"true\">\n<div id=\"comp-jto8qq4dinlineContent-gridContainer\" style=\"text-align: left;\" data-mesh-internal=\"true\">\n<div id=\"comp-jto9lr0l\" class=\"txtNew\" style=\"text-align: center;\" data-packed=\"false\" data-min-height=\"856\">\n<p style=\"text-align: left;\">Private Parkpl\u00e4tze stehen kostenfrei an der Unterkunft (Reservierung ist nicht erforderlich) zur Verf\u00fcgung.<\/p>\n<p style=\"text-align: left;\"><strong>&#8211; Behindertengerechte Parkpl\u00e4tze<\/strong><br \/>\n<strong>&#8211; Gesicherte Parkpl\u00e4tze<\/strong><\/p>\n<p style=\"text-align: left;\">\n<h5 class=\"font_5\" style=\"text-align: left;\">Internet<\/h5>\n<p class=\"font_7\" style=\"text-align: left;\"><strong>Kostenlos!<\/strong> WLAN ist in allen Bereichen nutzbar und ist kostenfrei.<\/p>\n<p class=\"font_7\"><span class=\"wixGuard\">\u200b<\/span><\/p>\n<h5 class=\"font_7\" style=\"text-align: left;\"><span class=\"wixGuard\">\u200b<\/span>Dienstleistungen<\/h5>\n<p class=\"font_7\" style=\"text-align: left;\">Ticketservice, privater Check-in\/-out, Weckservice<\/p>\n<p style=\"text-align: left;\">\n<p class=\"font_5\" style=\"text-align: left;\"><strong>Europapark Eintrittskarten<br \/>\n<\/strong>Um die Wartezeit im Europapark am Eingang zu verk\u00fcrzen, halten wir gerne die<br \/>\nTickets f\u00fcr Sie bereit. Weitere Infos &amp; Eintrittspreise:\u00a0<a href=\"http:\/\/www.europapark.de\/de\/node\/384\" target=\"_blank\" rel=\"nofollow noopener\" data-content=\"http:\/\/www.europapark.de\/de\/node\/384\" data-type=\"external\">www.europa-park.de<\/a><\/p>\n<p style=\"text-align: left;\">\n<h5 class=\"font_7\" style=\"text-align: left;\"><span class=\"wixGuard\">\u00a0Flughafen \u200b<\/span>Shuttle Service<\/h5>\n<p class=\"font_8\" style=\"text-align: left;\">Wir bringen Sie stressfrei, zuverl\u00e4ssig und sicher ans Ziel.<\/p>\n<p class=\"font_8\" style=\"text-align: left;\">Vom Flughafen zu Ihrer Haust\u00fcre oder holen Sie dort ab. Unsere erfahrenden Chauffeure sorgen daf\u00fcr,<br \/>\ndass Sie in beiden F\u00e4llen p\u00fcnktlich ankommen.<\/p>\n<p class=\"font_8\" style=\"text-align: left;\">Weitere Infos zur Buchung finden Sie <a href=\"http:\/\/www.rj-hotel.eu\/de\/shuttle-service\/\">hier.<\/a><\/p>\n<p style=\"text-align: left;\">\n<h5 class=\"font_5\" style=\"text-align: left;\">Gesprochene Sprachen<\/h5>\n<p class=\"font_7\" style=\"text-align: left;\">Deutsch,\u00a0Englisch, Russisch<\/p>\n<p style=\"text-align: left;\">\n<\/div>\n<h5 class=\"font_5\" style=\"text-align: left;\">Au\u00dfenbereich<\/h5>\n<p class=\"font_7\" style=\"text-align: left;\">Garten, Sonnenterrasse<\/p>\n<p class=\"font_7\" style=\"text-align: left;\"><span class=\"wixGuard\">\u200b<\/span><\/p>\n<h5 class=\"font_7\" style=\"text-align: left;\">Flur\/Aufenthaltsraum<\/h5>\n<p class=\"font_7\" style=\"text-align: left;\">Sitzecke, Beistelltisch<\/p>\n<p class=\"font_7\" style=\"text-align: left;\"><span class=\"wixGuard\">\u200b<\/span><\/p>\n<h5 class=\"font_5\" style=\"text-align: left;\">Medien &amp; Technik<\/h5>\n<p class=\"font_7\" style=\"text-align: left;\">Kabelkan\u00e4le, Flachbild-TV<\/p>\n<p class=\"font_7\" style=\"text-align: left;\"><span class=\"wixGuard\">\u200b<\/span><\/p>\n<\/div>\n<div id=\"comp-jto8qq4dinlineContent-gridContainer\" data-mesh-internal=\"true\">\n<h5 class=\"font_5\" style=\"text-align: left;\"><\/h5>\n<div id=\"comp-jto9shw3\" class=\"txtNew\" style=\"text-align: left;\" data-packed=\"true\">\n<h2 class=\"font_2\"><strong>UNSERE GESCH\u00c4FTS-<br \/>\nBEDINGUNGEN<\/strong><\/h2>\n<\/div>\n<div id=\"comp-jto9t02h\" class=\"txtNew\" style=\"text-align: center;\" data-packed=\"false\" data-min-height=\"733\">\n<p class=\"font_7\" style=\"text-align: left;\"><strong>M\u00f6gliche Anreise<\/strong><br \/>\n15:00 \u2013 20:00 Uhr<\/p>\n<p class=\"font_7\" style=\"text-align: left;\"><strong>Abreise<\/strong><br \/>\n08:00 \u2013 11:00 Uhr<span class=\"wixGuard\">\u200b<\/span><\/p>\n<h5 style=\"text-align: left;\"><\/h5>\n<h5 class=\"font_5\" style=\"text-align: left;\">Zahlungsm\u00f6glichkeiten<\/h5>\n<p class=\"font_7\" style=\"text-align: left;\">Wir akzeptieren\u00a0folgende Kreditkarten VISA, MASTER CARD, Maestro und EC-Karte.<br \/>\nDas R&amp;J HOTEL akzeptiert diese Karten und beh\u00e4lt sich das Recht vor, einen bestimmten Betrag vor Ihrer Ankunft vor\u00fcbergehend zu blockieren.<\/p>\n<h5 style=\"text-align: left;\"><\/h5>\n<h5 class=\"font_5\" style=\"text-align: left;\">Stornierungen<\/h5>\n<p class=\"font_7\" style=\"text-align: left;\">Stornierungen und \u00c4nderungen, die bis zu 14\u00a0Tage vor Anreisedatum erfolgen, sind kostenfrei!<br \/>\nStornierungen und \u00c4nderungen, die versp\u00e4tet erfolgen, sowie Nichtanreisen werden mit 100 Prozent des Preises der ersten \u00dcbernachtung berechnet.<\/p>\n<h5 style=\"text-align: left;\"><\/h5>\n<h5 class=\"font_5\" style=\"text-align: left;\">Kinder und Babybetten<\/h5>\n<p class=\"font_7\" style=\"text-align: left;\"><strong>Kostenlos!\u00a0<\/strong>Alle Kinder unter 3 Jahren \u00fcbernachten kostenfrei im Bett der Eltern mit.<br \/>\n<strong>Kostenlos!<\/strong>\u00a0Ein Kind unter 2 Jahren zahlt keinen Aufpreis f\u00fcr ein Babybett.<\/p>\n<h5 style=\"text-align: left;\"><\/h5>\n<h5 class=\"font_5\" style=\"text-align: left;\">Zustellbetten<\/h5>\n<p class=\"font_7\" style=\"text-align: left;\">F\u00fcr Erwachsene und Kinder ab 14 Jahren kostet ein Zustellbett \u00a0pro Nacht und Person EUR 40!<br \/>\nEin Kind unter 13 Jahren bezahlt EUR 25 pro Nacht und Person f\u00fcr ein Zustellbett.<br \/>\nDie Zimmer bieten Platz f\u00fcr maximal ein Zustellbett\/Babybett. Zus\u00e4tzliche Kosten sind nicht im Gesamtpreis enthalten und m\u00fcssen<br \/>\nseparat w\u00e4hrend Ihres Aufenthaltes bezahlt werden.<\/p>\n<h5 style=\"text-align: left;\"><\/h5>\n<h5 class=\"font_5\" style=\"text-align: left;\">Haustiere<\/h5>\n<p class=\"font_7\" style=\"text-align: left;\">Haustiere sind nicht gestattet.<\/p>\n<\/div>\n<\/div>\n<\/div>\n<\/div>\n<\/div>\n<\/div>\n<\/div>\n<\/div>\n<\/section>\n<\/div>\n<\/div>\n<\/div>\n<\/div>\n<\/div>\n<\/div>","protected":false},"excerpt":{"rendered":"<p>DAS BIETEN WIR Parkpl\u00e4tze Private Parkpl\u00e4tze stehen kostenfrei an der Unterkunft (Reservierung ist nicht erforderlich) zur Verf\u00fcgung. &#8211; Behindertengerechte Parkpl\u00e4tze &#8230;<\/p>\n","protected":false},"author":2,"featured_media":0,"parent":15,"menu_order":0,"comment_status":"closed","ping_status":"closed","template":"","meta":{"footnotes":""},"class_list":["post-139","page","type-page","status-publish","hentry"],"_links":{"self":[{"href":"https:\/\/www.rj-hotel.eu\/de\/wp-json\/wp\/v2\/pages\/139","targetHints":{"allow":["GET"]}}],"collection":[{"href":"https:\/\/www.rj-hotel.eu\/de\/wp-json\/wp\/v2\/pages"}],"about":[{"href":"https:\/\/www.rj-hotel.eu\/de\/wp-json\/wp\/v2\/types\/page"}],"author":[{"embeddable":true,"href":"https:\/\/www.rj-hotel.eu\/de\/wp-json\/wp\/v2\/users\/2"}],"replies":[{"embeddable":true,"href":"https:\/\/www.rj-hotel.eu\/de\/wp-json\/wp\/v2\/comments?post=139"}],"version-history":[{"count":30,"href":"https:\/\/www.rj-hotel.eu\/de\/wp-json\/wp\/v2\/pages\/139\/revisions"}],"predecessor-version":[{"id":625,"href":"https:\/\/www.rj-hotel.eu\/de\/wp-json\/wp\/v2\/pages\/139\/revisions\/625"}],"up":[{"embeddable":true,"href":"https:\/\/www.rj-hotel.eu\/de\/wp-json\/wp\/v2\/pages\/15"}],"wp:attachment":[{"href":"https:\/\/www.rj-hotel.eu\/de\/wp-json\/wp\/v2\/media?parent=139"}],"curies":[{"name":"wp","href":"https:\/\/api.w.org\/{rel}","templated":true}]}}