{"id":154,"date":"2019-04-15T11:27:52","date_gmt":"2019-04-15T09:27:52","guid":{"rendered":"http:\/\/www.rj-hotel.eu\/de\/?page_id=154"},"modified":"2019-05-28T14:05:00","modified_gmt":"2019-05-28T12:05:00","slug":"doppelzimmer","status":"publish","type":"page","link":"https:\/\/www.rj-hotel.eu\/de\/zimmer\/doppelzimmer\/","title":{"rendered":"Doppelzimmer"},"content":{"rendered":"<p>Das \u00fcber 18 qm gro\u00dfe, liebevoll eingerichtete Zimmer ist individuell gestaltet. Genie\u00dfen Sie\u00a0einen entspannten Ausklang in der gem\u00fctlich eingerichteten Sitzecke. Die Flussblick-Zimmern haben bodentiefe Fenster, die zu einem Blick auf die Elz einladen. Alle Zimmer sind schallisoliert.<\/p>\n<p><strong>Zimmerausstattung:<\/strong><\/p>\n<p>Nichtraucher Zimmer,\u00a0teilweise mit Flussblick, Kabelkan\u00e4le, Flachbild-TV, Schreibtisch, Sitzecke,\u00a0<span id=\"b_tt_holder_2\" class=\"jq_tooltip\" data-title=\"Dieses Ausstattungselement steht in dieser Zimmerkategorie zur Verf\u00fcgung. Andere Zimmerkategorien verf\u00fcgen m\u00f6glicherweise nicht dar\u00fcber.\">Ventilator<\/span>, Heizung,\u00a0Schallisolierung, Holz-\/Parkettboden, Schrank, Allergikerfreundlich, Haartrockner, Kostenfreie Pflegeprodukte, WC, Badezimmer, Weckservice, Handt\u00fccher, Bettw\u00e4sche.<\/p>\n<div>\n<div class=\"info hp-rt-lightbox-free-item\">\n<p><strong>Kostenfreies WLAN<\/strong> steht Ihnen in allen Zimmern zur Verf\u00fcgung.<\/p>\n<\/div>\n<div class=\"info\"><strong>Zimmergr\u00f6\u00dfe:\u00a0<\/strong>18-20 m\u00b2<\/div>\n<div class=\"info\"><strong>Bettengr\u00f6\u00dfe:<\/strong>\u00a0<span id=\"b_tt_holder_3\" class=\"jq_tooltip rt_detail_bed_info\" data-title=\"Breite: 181-210 cm\">1 Doppelbett<\/span><\/div>\n<\/div>\n<p>&nbsp;<\/p>\n<div id=\"gallery_1777511003\" class=\"carousel carousel-box slide\" data-ride=\"carousel\"><ol class=\"carousel-indicators\"><li data-target=\"#gallery_1777511003\" data-slide-to=\"0\" class=\"active\"><\/li><li data-target=\"#gallery_1777511003\" data-slide-to=\"1\" class=\"\"><\/li><li data-target=\"#gallery_1777511003\" data-slide-to=\"2\" class=\"\"><\/li><li data-target=\"#gallery_1777511003\" data-slide-to=\"3\" class=\"\"><\/li><li data-target=\"#gallery_1777511003\" data-slide-to=\"4\" class=\"\"><\/li><li data-target=\"#gallery_1777511003\" data-slide-to=\"5\" class=\"\"><\/li><li data-target=\"#gallery_1777511003\" data-slide-to=\"6\" class=\"\"><\/li><li data-target=\"#gallery_1777511003\" data-slide-to=\"7\" class=\"\"><\/li><li data-target=\"#gallery_1777511003\" data-slide-to=\"8\" class=\"\"><\/li><li data-target=\"#gallery_1777511003\" data-slide-to=\"9\" class=\"\"><\/li><li data-target=\"#gallery_1777511003\" data-slide-to=\"10\" class=\"\"><\/li><li data-target=\"#gallery_1777511003\" data-slide-to=\"11\" class=\"\"><\/li><li data-target=\"#gallery_1777511003\" data-slide-to=\"12\" class=\"\"><\/li><li data-target=\"#gallery_1777511003\" data-slide-to=\"13\" class=\"\"><\/li><li data-target=\"#gallery_1777511003\" data-slide-to=\"14\" class=\"\"><\/li><li data-target=\"#gallery_1777511003\" data-slide-to=\"15\" class=\"\"><\/li><li data-target=\"#gallery_1777511003\" data-slide-to=\"16\" class=\"\"><\/li><li data-target=\"#gallery_1777511003\" data-slide-to=\"17\" class=\"\"><\/li><li data-target=\"#gallery_1777511003\" data-slide-to=\"18\" class=\"\"><\/li><li data-target=\"#gallery_1777511003\" data-slide-to=\"19\" class=\"\"><\/li><li data-target=\"#gallery_1777511003\" data-slide-to=\"20\" class=\"\"><\/li><li data-target=\"#gallery_1777511003\" data-slide-to=\"21\" class=\"\"><\/li><\/ol><div class=\"carousel-inner\"><div class=\"carousel-item active\"><img decoding=\"async\" src=\"https:\/\/www.rj-hotel.eu\/de\/wp-content\/uploads\/sites\/2\/2019\/04\/zimmer1_03_collage-1.jpg\" class=\"img-fluid\"><\/div><div class=\"carousel-item \"><img decoding=\"async\" src=\"https:\/\/www.rj-hotel.eu\/de\/wp-content\/uploads\/sites\/2\/2019\/04\/zimmer1_01_a-1.jpg\" class=\"img-fluid\"><\/div><div class=\"carousel-item \"><img decoding=\"async\" src=\"https:\/\/www.rj-hotel.eu\/de\/wp-content\/uploads\/sites\/2\/2019\/04\/zimmer1_02_a-1.jpg\" class=\"img-fluid\"><\/div><div class=\"carousel-item \"><img decoding=\"async\" src=\"https:\/\/www.rj-hotel.eu\/de\/wp-content\/uploads\/sites\/2\/2019\/04\/zimmer1_03_a-1.jpg\" class=\"img-fluid\"><\/div><div class=\"carousel-item \"><img decoding=\"async\" src=\"https:\/\/www.rj-hotel.eu\/de\/wp-content\/uploads\/sites\/2\/2019\/04\/zimmer2_collage-1.jpg\" class=\"img-fluid\"><\/div><div class=\"carousel-item \"><img decoding=\"async\" src=\"https:\/\/www.rj-hotel.eu\/de\/wp-content\/uploads\/sites\/2\/2019\/04\/zimmer2_01_a-1.jpg\" class=\"img-fluid\"><\/div><div class=\"carousel-item \"><img decoding=\"async\" src=\"https:\/\/www.rj-hotel.eu\/de\/wp-content\/uploads\/sites\/2\/2019\/04\/zimmer2_02_a-1.jpg\" class=\"img-fluid\"><\/div><div class=\"carousel-item \"><img decoding=\"async\" src=\"https:\/\/www.rj-hotel.eu\/de\/wp-content\/uploads\/sites\/2\/2019\/04\/zimmer6_03_collage-1.jpg\" class=\"img-fluid\"><\/div><div class=\"carousel-item \"><img decoding=\"async\" src=\"https:\/\/www.rj-hotel.eu\/de\/wp-content\/uploads\/sites\/2\/2019\/04\/zimmer6_02_a-1.jpg\" class=\"img-fluid\"><\/div><div class=\"carousel-item \"><img decoding=\"async\" src=\"https:\/\/www.rj-hotel.eu\/de\/wp-content\/uploads\/sites\/2\/2019\/04\/zimmer6_01_a-1.jpg\" class=\"img-fluid\"><\/div><div class=\"carousel-item \"><img decoding=\"async\" src=\"https:\/\/www.rj-hotel.eu\/de\/wp-content\/uploads\/sites\/2\/2019\/04\/zimmer6_03_a-1.jpg\" class=\"img-fluid\"><\/div><div class=\"carousel-item \"><img decoding=\"async\" src=\"https:\/\/www.rj-hotel.eu\/de\/wp-content\/uploads\/sites\/2\/2019\/04\/zimmer3_02_a.jpg\" class=\"img-fluid\"><\/div><div class=\"carousel-item \"><img decoding=\"async\" src=\"https:\/\/www.rj-hotel.eu\/de\/wp-content\/uploads\/sites\/2\/2019\/04\/zimmer3_03_a-2.jpg\" class=\"img-fluid\"><\/div><div class=\"carousel-item \"><img decoding=\"async\" src=\"https:\/\/www.rj-hotel.eu\/de\/wp-content\/uploads\/sites\/2\/2019\/04\/zimmer3_04_a.jpg\" class=\"img-fluid\"><\/div><div class=\"carousel-item \"><img decoding=\"async\" src=\"https:\/\/www.rj-hotel.eu\/de\/wp-content\/uploads\/sites\/2\/2019\/04\/zimmer4_01_a1.jpg\" class=\"img-fluid\"><\/div><div class=\"carousel-item \"><img decoding=\"async\" src=\"https:\/\/www.rj-hotel.eu\/de\/wp-content\/uploads\/sites\/2\/2019\/04\/zimmer4_02_a1.jpg\" class=\"img-fluid\"><\/div><div class=\"carousel-item \"><img decoding=\"async\" src=\"https:\/\/www.rj-hotel.eu\/de\/wp-content\/uploads\/sites\/2\/2019\/04\/zimmer4_04_a.jpg\" class=\"img-fluid\"><\/div><div class=\"carousel-item \"><img decoding=\"async\" src=\"https:\/\/www.rj-hotel.eu\/de\/wp-content\/uploads\/sites\/2\/2019\/04\/zimmer5_collage-1.jpg\" class=\"img-fluid\"><\/div><div class=\"carousel-item \"><img decoding=\"async\" src=\"https:\/\/www.rj-hotel.eu\/de\/wp-content\/uploads\/sites\/2\/2019\/04\/zimmer5_01_a-1.jpg\" class=\"img-fluid\"><\/div><div class=\"carousel-item \"><img decoding=\"async\" src=\"https:\/\/www.rj-hotel.eu\/de\/wp-content\/uploads\/sites\/2\/2019\/04\/zimmer5_02_a-1.jpg\" class=\"img-fluid\"><\/div><div class=\"carousel-item \"><img decoding=\"async\" src=\"https:\/\/www.rj-hotel.eu\/de\/wp-content\/uploads\/sites\/2\/2019\/04\/zimmer5_03_a-1.jpg\" class=\"img-fluid\"><\/div><div class=\"carousel-item \"><img decoding=\"async\" src=\"https:\/\/www.rj-hotel.eu\/de\/wp-content\/uploads\/sites\/2\/2019\/04\/zimmer5_04_a-1.jpg\" class=\"img-fluid\"><\/div><\/div><a class=\"carousel-control-prev\" href=\"#gallery_1777511003\" role=\"button\" data-slide=\"prev\"><span class=\"carousel-control-prev-icon\" aria-hidden=\"true\"><\/span><span class=\"sr-only\">Previous<\/span><\/a><a class=\"carousel-control-next\" href=\"#gallery_1777511003\" role=\"button\" data-slide=\"next\"><span class=\"carousel-control-next-icon\" aria-hidden=\"true\"><\/span><span class=\"sr-only\">Next<\/span><\/a><\/div>\n<div class=\"text-center\"><a href=\"#\" class=\"btn btn-transparent d21-trigger-ibe\">Jetzt buchen<\/a><\/div>\n<h6><strong>Allgemein<\/strong><\/h6>\n<p>Nichtraucher Zimmer, schallisolierte Zimmer, Heizung, Holz-\/Parkettboden, Allergikerfreundliche Bettw\u00e4sche\/Zimmer.<br \/>\nDas Zimmer verf\u00fcgt \u00fcber einen Flachbild -Kabel-TV, Schrank, Schreibtisch, ein eigenes Badezimmer mit WC\/Dusche, Haartrockner und kostenfreien\u00a0Pflegeprodukten.<\/p>\n<p><strong>Kinder und Babybetten<br \/>\n<\/strong><strong>Kostenlos!<\/strong>\u00a0Alle Kinder unter 3 Jahren \u00fcbernachten kostenfrei im Bett der Eltern mit.<br \/>\n<strong>Kostenlos!<\/strong>\u00a0Ein Kind unter 2 Jahren zahlt keinen Aufpreis f\u00fcr ein Babybett.<\/p>\n<p><strong>Zustellbetten<br \/>\n<\/strong>F\u00fcr Erwachsene und Kinder ab 14 Jahren kostet ein Zustellbett \u00a0pro Nacht und Person EUR 40 ! Ein Kind unter 13 Jahren bezahlt EUR 25 pro Nacht und Person f\u00fcr ein Zustellbett. Das Zimmer bietet Platz f\u00fcr maximal ein Zustellbett\/Babybett.<br \/>\n<strong>Zus\u00e4tzliche Kosten sind nicht im Gesamtpreis enthalten und m\u00fcssen separat w\u00e4hrend Ihres Aufenthaltes bezahlt werden.<\/strong><\/p>\n<p><strong>Stornierung<br \/>\n<\/strong>Bis zu 14 Tage vor der Anreise k\u00f6nnen Sie kostenfrei stornieren. Bei einer Stornierung in den 14 Tagen vor der Anreise zahlen Sie einen Betrag in H\u00f6he der ersten Nacht.<\/p>\n<div id=\"cancellation_policy\" class=\"description tracked description--bhep-cancellation\" data-et-view=\"TULQDSRVKaMUZSbcZYVeCLSTfXNKOLDJIEGZYZSEPcCJXDbHe:1\">\n<div><strong>Vorauszahlung<br \/>\n<\/strong>Vorauszahlungsbedingungen \u00e4ndern sich je nach Zimmerkategorie.<\/div>\n<\/div>\n<div class=\"description\">\n<div><\/div>\n<div><strong>Haustiere<\/strong><\/div>\n<\/div>\n<div class=\"description\">\n<div>Haustiere sind nicht gestattet.<\/div>\n<div><\/div>\n<div><strong><a href=\"http:\/\/www.rj-hotel.eu\/de\/zimmer\/\">Zur\u00fcck zur Auswahl &gt;<\/a><\/strong><\/div>\n<\/div>\n<div class=\"row\">\n<div class=\"col\"><\/div>\n<\/div>","protected":false},"excerpt":{"rendered":"<p>Das \u00fcber 18 qm gro\u00dfe, liebevoll eingerichtete Zimmer ist individuell gestaltet. Genie\u00dfen Sie\u00a0einen entspannten Ausklang in der gem\u00fctlich eingerichteten Sitzecke. &#8230;<\/p>\n","protected":false},"author":2,"featured_media":0,"parent":31,"menu_order":0,"comment_status":"closed","ping_status":"closed","template":"page-room.php","meta":{"footnotes":""},"class_list":["post-154","page","type-page","status-publish","hentry"],"_links":{"self":[{"href":"https:\/\/www.rj-hotel.eu\/de\/wp-json\/wp\/v2\/pages\/154","targetHints":{"allow":["GET"]}}],"collection":[{"href":"https:\/\/www.rj-hotel.eu\/de\/wp-json\/wp\/v2\/pages"}],"about":[{"href":"https:\/\/www.rj-hotel.eu\/de\/wp-json\/wp\/v2\/types\/page"}],"author":[{"embeddable":true,"href":"https:\/\/www.rj-hotel.eu\/de\/wp-json\/wp\/v2\/users\/2"}],"replies":[{"embeddable":true,"href":"https:\/\/www.rj-hotel.eu\/de\/wp-json\/wp\/v2\/comments?post=154"}],"version-history":[{"count":32,"href":"https:\/\/www.rj-hotel.eu\/de\/wp-json\/wp\/v2\/pages\/154\/revisions"}],"predecessor-version":[{"id":643,"href":"https:\/\/www.rj-hotel.eu\/de\/wp-json\/wp\/v2\/pages\/154\/revisions\/643"}],"up":[{"embeddable":true,"href":"https:\/\/www.rj-hotel.eu\/de\/wp-json\/wp\/v2\/pages\/31"}],"wp:attachment":[{"href":"https:\/\/www.rj-hotel.eu\/de\/wp-json\/wp\/v2\/media?parent=154"}],"curies":[{"name":"wp","href":"https:\/\/api.w.org\/{rel}","templated":true}]}}