{"id":161,"date":"2019-04-15T11:29:46","date_gmt":"2019-04-15T09:29:46","guid":{"rendered":"http:\/\/www.rj-hotel.eu\/de\/?page_id=161"},"modified":"2019-12-17T21:53:22","modified_gmt":"2019-12-17T20:53:22","slug":"studio-appartement","status":"publish","type":"page","link":"https:\/\/www.rj-hotel.eu\/de\/zimmer\/studio-appartement\/","title":{"rendered":"Apartment"},"content":{"rendered":"<p><b>Friends &amp; Family Apartment<\/b><\/p>\n<p>Dieses 65 qm gro\u00dfe Apartment verf\u00fcgt \u00fcber zwei Schlafzimmer. Das erste Zimmer verf\u00fcgt \u00fcber ein Doppelbett und einem zus\u00e4tzlichen Etagenbett f\u00fcr zwei Personen. Auf \u00fcber 30 qm befindet sich neben einem bequemen Doppelbett auch eine ausgestattete Kitchenette im zweiten Zimmer. Dieses Zimmer verf\u00fcgt \u00fcber eine Essecke mit Tisch und St\u00fchlen, K\u00fcchenzeile, ein Sofa und einen Wasserkocher.<\/p>\n<p>Diese Studio eignet sich auch ideal f\u00fcr Ihren Familienurlaub.\u00a0Auf Wunsch k\u00f6nnen Sie ein weiteres Zustell- oder Babybett nach Verf\u00fcgbarkeit hinzu buchen.<\/p>\n<p><strong>Zimmerausstattung:\u00a0<\/strong><\/p>\n<p>Nichtraucher Zimmer, Kabelkan\u00e4le, Flachbild-TV, Schreibtisch, Sitzecke,\u00a0<span id=\"b_tt_holder_2\" class=\"jq_tooltip\" data-title=\"Dieses Ausstattungselement steht in dieser Zimmerkategorie zur Verf\u00fcgung. Andere Zimmerkategorien verf\u00fcgen m\u00f6glicherweise nicht dar\u00fcber.\">Ventilator<\/span>, Heizung,\u00a0<span class=\"jq_tooltip\" title=\"Dieses Ausstattungselement steht in dieser Zimmerkategorie zur Verf\u00fcgung. Andere Zimmerkategorien verf\u00fcgen m\u00f6glicherweise nicht dar\u00fcber.\">Sofa<\/span>, Schallisolierung, Holz-\/Parkettboden, Schrank, Allergikerfreundlich, Haartrockner, Kostenfreie Pflegeprodukte, WC, Badezimmer, Weckservice, Handt\u00fccher, Bettw\u00e4sche<span class=\"jq_tooltip\" title=\"Dieses Ausstattungselement steht in dieser Zimmerkategorie zur Verf\u00fcgung. Andere Zimmerkategorien verf\u00fcgen m\u00f6glicherweise nicht dar\u00fcber.\">.<\/span><\/p>\n<div class=\"info hp-rt-lightbox-free-item\">\n<p><strong>Kostenfreies WLAN<\/strong> steht Ihnen in allen Zimmern zur Verf\u00fcgung.<\/p>\n<\/div>\n<div class=\"info\"><strong>Zimmergr\u00f6\u00dfe:\u00a0<\/strong>65 m\u00b2<\/div>\n<div class=\"info\"><strong>Bettengr\u00f6\u00dfe:<\/strong>\u00a0<span id=\"b_tt_holder_3\" class=\"jq_tooltip rt_detail_bed_info\" data-title=\"Breite: 181-210 cm\">2 extragro\u00dfe Doppelbetten<\/span>,\u00a0<span id=\"b_tt_holder_4\" class=\"jq_tooltip rt_detail_bed_info\" data-title=\"Variable Gr\u00f6\u00dfe\">1 Etagenbett<\/span>,\u00a0<span id=\"b_tt_holder_5\" class=\"jq_tooltip rt_detail_bed_info\" data-title=\"Variable Gr\u00f6\u00dfe\">1 Schlafsofa<\/span><\/div>\n<p><a href=\"http:\/\/www.rj-hotel.eu\/de\/zimmer\/\">Zur\u00fcck zur Auswahl &gt;<\/a><\/p>\n<div id=\"gallery_1556013564\" class=\"carousel carousel-box slide\" data-ride=\"carousel\">\n<div id=\"gallery_1777511066\" class=\"carousel carousel-box slide\" data-ride=\"carousel\"><ol class=\"carousel-indicators\"><li data-target=\"#gallery_1777511066\" data-slide-to=\"0\" class=\"active\"><\/li><li data-target=\"#gallery_1777511066\" data-slide-to=\"1\" class=\"\"><\/li><li data-target=\"#gallery_1777511066\" data-slide-to=\"2\" class=\"\"><\/li><\/ol><div class=\"carousel-inner\"><div class=\"carousel-item active\"><img decoding=\"async\" src=\"https:\/\/www.rj-hotel.eu\/de\/wp-content\/uploads\/sites\/2\/2019\/04\/apartment1_zimmer_03_collage.jpg\" class=\"img-fluid\"><\/div><div class=\"carousel-item \"><img decoding=\"async\" src=\"https:\/\/www.rj-hotel.eu\/de\/wp-content\/uploads\/sites\/2\/2019\/04\/apartment1_zimmer_01_a.jpg\" class=\"img-fluid\"><\/div><div class=\"carousel-item \"><img decoding=\"async\" src=\"https:\/\/www.rj-hotel.eu\/de\/wp-content\/uploads\/sites\/2\/2019\/04\/apartment1_01_a-1.jpg\" class=\"img-fluid\"><\/div><\/div><a class=\"carousel-control-prev\" href=\"#gallery_1777511066\" role=\"button\" data-slide=\"prev\"><span class=\"carousel-control-prev-icon\" aria-hidden=\"true\"><\/span><span class=\"sr-only\">Previous<\/span><\/a><a class=\"carousel-control-next\" href=\"#gallery_1777511066\" role=\"button\" data-slide=\"next\"><span class=\"carousel-control-next-icon\" aria-hidden=\"true\"><\/span><span class=\"sr-only\">Next<\/span><\/a><\/div>\n<\/div>\n<p><strong><div class=\"text-center\"><a href=\"#\" class=\"btn btn-transparent d21-trigger-ibe\"data-d21=\"{'room_id':84890}\">Jetzt buchen<\/a><\/div><\/strong><\/p>\n<h6><strong>Allgemein<\/strong><\/h6>\n<div class=\"row\">\n<div class=\"col\">\n<p>Nichtraucher Zimmer, schallisolierte Zimmer, Heizung, Holz-\/Parkettboden, Allergikerfreundliche Bettw\u00e4sche\/Zimmer.<br \/>\nDas Zimmer verf\u00fcgt \u00fcber einen Flachbild -Kabel-TV, Schrank, Schreibtisch, ein eigenes Badezimmer mit WC\/Dusche, Haartrockner und kostenfreien\u00a0Pflegeprodukten.<\/p>\n<p><strong>Kinder und Babybetten<br \/>\n<\/strong><strong>Kostenlos!<\/strong>\u00a0Alle Kinder unter 3 Jahren \u00fcbernachten kostenfrei im Bett der Eltern mit.<br \/>\n<strong>Kostenlos!<\/strong>\u00a0Ein Kind unter 2 Jahren zahlt keinen Aufpreis f\u00fcr ein Babybett.<\/p>\n<p><strong>Zustellbetten<br \/>\n<\/strong>F\u00fcr Erwachsene und Kinder ab 14 Jahren kostet ein Zustellbett \u00a0pro Nacht und Person EUR 40 ! Ein Kind unter 13 Jahren bezahlt EUR 25 pro Nacht und Person f\u00fcr ein Zustellbett. Das Zimmer bietet Platz f\u00fcr maximal ein Zustellbett\/Babybett.<br \/>\n<strong>Zus\u00e4tzliche Kosten sind nicht im Gesamtpreis enthalten und m\u00fcssen separat w\u00e4hrend Ihres Aufenthaltes bezahlt werden.<\/strong><\/p>\n<p><strong>Stornierung<br \/>\n<\/strong>Bis zu 14 Tage vor der Anreise k\u00f6nnen Sie kostenfrei stornieren. Bei einer Stornierung in den 14 Tagen vor der Anreise zahlen Sie einen Betrag in H\u00f6he der ersten Nacht.<\/p>\n<div id=\"cancellation_policy\" class=\"description tracked description--bhep-cancellation\" data-et-view=\"TULQDSRVKaMUZSbcZYVeCLSTfXNKOLDJIEGZYZSEPcCJXDbHe:1\">\n<div><strong>Vorauszahlung<br \/>\n<\/strong>Vorauszahlungsbedingungen \u00e4ndern sich je nach Zimmerkategorie.<\/div>\n<div><\/div>\n<div><strong>Haustiere<\/strong><\/div>\n<\/div>\n<div class=\"description\">\n<div>Haustiere sind nicht gestattet.<\/div>\n<div><\/div>\n<div><a href=\"http:\/\/www.rj-hotel.eu\/de\/zimmer\/\">Zur\u00fcck zur Auswahl &gt;<\/a><\/div>\n<\/div>\n<div class=\"row\">\n<div class=\"col\"><\/div>\n<\/div>\n<\/div>\n<\/div>","protected":false},"excerpt":{"rendered":"<p>Friends &amp; Family Apartment Dieses 65 qm gro\u00dfe Apartment verf\u00fcgt \u00fcber zwei Schlafzimmer. Das erste Zimmer verf\u00fcgt \u00fcber ein Doppelbett &#8230;<\/p>\n","protected":false},"author":2,"featured_media":0,"parent":31,"menu_order":0,"comment_status":"closed","ping_status":"closed","template":"page-room.php","meta":{"footnotes":""},"class_list":["post-161","page","type-page","status-publish","hentry"],"_links":{"self":[{"href":"https:\/\/www.rj-hotel.eu\/de\/wp-json\/wp\/v2\/pages\/161","targetHints":{"allow":["GET"]}}],"collection":[{"href":"https:\/\/www.rj-hotel.eu\/de\/wp-json\/wp\/v2\/pages"}],"about":[{"href":"https:\/\/www.rj-hotel.eu\/de\/wp-json\/wp\/v2\/types\/page"}],"author":[{"embeddable":true,"href":"https:\/\/www.rj-hotel.eu\/de\/wp-json\/wp\/v2\/users\/2"}],"replies":[{"embeddable":true,"href":"https:\/\/www.rj-hotel.eu\/de\/wp-json\/wp\/v2\/comments?post=161"}],"version-history":[{"count":20,"href":"https:\/\/www.rj-hotel.eu\/de\/wp-json\/wp\/v2\/pages\/161\/revisions"}],"predecessor-version":[{"id":652,"href":"https:\/\/www.rj-hotel.eu\/de\/wp-json\/wp\/v2\/pages\/161\/revisions\/652"}],"up":[{"embeddable":true,"href":"https:\/\/www.rj-hotel.eu\/de\/wp-json\/wp\/v2\/pages\/31"}],"wp:attachment":[{"href":"https:\/\/www.rj-hotel.eu\/de\/wp-json\/wp\/v2\/media?parent=161"}],"curies":[{"name":"wp","href":"https:\/\/api.w.org\/{rel}","templated":true}]}}