{"id":163,"date":"2019-04-15T11:30:08","date_gmt":"2019-04-15T09:30:08","guid":{"rendered":"http:\/\/www.rj-hotel.eu\/de\/?page_id=163"},"modified":"2026-01-06T21:02:27","modified_gmt":"2026-01-06T20:02:27","slug":"maisonette-studio","status":"publish","type":"page","link":"https:\/\/www.rj-hotel.eu\/de\/zimmer\/maisonette-studio\/","title":{"rendered":"Maisonette Suite"},"content":{"rendered":"<p>Unser ca. 75 qm gro\u00dfes Maisonette Suite mit Flussblick ist auf zwei Etagen aufgeteilt. Das untere Zimmer verf\u00fcgt \u00fcber ein Etagenbett und Schlafsofa, die 4 Schlafpl\u00e4tze bieten. Auf der zweiten Etage finden Sie zwei extra gro\u00dfe Doppelbetten. Eine gem\u00fctliche Sitzecke mit gro\u00dfem Kabel-TV l\u00e4dt zum Entspannen ein.<\/p>\n<p>Auf Wunsch k\u00f6nnen Sie ein weiteres Zustell- oder Babybett nach Verf\u00fcgbarkeit hinzu buchen. Bitte beachten Sie, dass die Zimmer in dieser Suite durch Treppen voneinander getrennt sind. Unser Maisonette-Studio ist auch f\u00fcr l\u00e4ngere Aufenthalte sehr gut geeignet.<\/p>\n<p>Bitte beachten Sie, dass die Zimmer nur \u00fcber eine Treppe getrennt sind und es keine eigentliche Wand zwischen den beiden Zimmern gibt.<\/p>\n<div>\n<p><strong>Zimmerausstattung:\u00a0<\/strong><\/p>\n<p>Nichtraucher Zimmer, Flussblick, Kabelkan\u00e4le, Flachbild-TV, Schreibtisch, Sitzecke,\u00a0<span id=\"b_tt_holder_2\" class=\"jq_tooltip\" data-title=\"Dieses Ausstattungselement steht in dieser Zimmerkategorie zur Verf\u00fcgung. Andere Zimmerkategorien verf\u00fcgen m\u00f6glicherweise nicht dar\u00fcber.\">Ventilator<\/span>, Heizung,\u00a0<span class=\"jq_tooltip\" title=\"Dieses Ausstattungselement steht in dieser Zimmerkategorie zur Verf\u00fcgung. Andere Zimmerkategorien verf\u00fcgen m\u00f6glicherweise nicht dar\u00fcber.\">Sofa<\/span>, Schallisolierung, Holz-\/Parkettboden, Schrank, Allergikerfreundlich, Haartrockner, Kostenfreie Pflegeprodukte, WC, Badezimmer, Weckservice, Handt\u00fccher, Bettw\u00e4sche, das o<span class=\"jq_tooltip\" title=\"Dieses Ausstattungselement steht in dieser Zimmerkategorie zur Verf\u00fcgung. Andere Zimmerkategorien verf\u00fcgen m\u00f6glicherweise nicht dar\u00fcber.\">bere Stockwerke nur \u00fcber eine Treppe erreichbar.<\/span><\/p>\n<div class=\"info hp-rt-lightbox-free-item\">\n<p><strong>Kostenfreies WLAN<\/strong> steht Ihnen in allen Zimmern zur Verf\u00fcgung.<\/p>\n<\/div>\n<div class=\"info\"><strong>Zimmergr\u00f6\u00dfe:\u00a0<\/strong>75 m\u00b2<\/div>\n<div class=\"info\"><strong>Bettengr\u00f6\u00dfe:<\/strong>\u00a0<span id=\"b_tt_holder_3\" class=\"jq_tooltip rt_detail_bed_info\" data-title=\"Breite: 181-210 cm\">2 extragro\u00dfe Doppelbetten<\/span>,\u00a0<span id=\"b_tt_holder_4\" class=\"jq_tooltip rt_detail_bed_info\" data-title=\"Variable Gr\u00f6\u00dfe\">1 Etagenbett<\/span>,\u00a0<span id=\"b_tt_holder_5\" class=\"jq_tooltip rt_detail_bed_info\" data-title=\"Variable Gr\u00f6\u00dfe\">1 Schlafsofa<\/span><\/div>\n<div class=\"info\"><\/div>\n<\/div>\n<div id=\"gallery_1777511014\" class=\"carousel carousel-box slide\" data-ride=\"carousel\"><ol class=\"carousel-indicators\"><li data-target=\"#gallery_1777511014\" data-slide-to=\"0\" class=\"active\"><\/li><li data-target=\"#gallery_1777511014\" data-slide-to=\"1\" class=\"\"><\/li><li data-target=\"#gallery_1777511014\" data-slide-to=\"2\" class=\"\"><\/li><li data-target=\"#gallery_1777511014\" data-slide-to=\"3\" class=\"\"><\/li><\/ol><div class=\"carousel-inner\"><div class=\"carousel-item active\"><img decoding=\"async\" src=\"https:\/\/www.rj-hotel.eu\/de\/wp-content\/uploads\/sites\/2\/2019\/04\/Maisonette_Suite_07_collage.jpg\" class=\"img-fluid\"><\/div><div class=\"carousel-item \"><img decoding=\"async\" src=\"https:\/\/www.rj-hotel.eu\/de\/wp-content\/uploads\/sites\/2\/2019\/04\/Maisonette_Suite_04_a.jpg\" class=\"img-fluid\"><\/div><div class=\"carousel-item \"><img decoding=\"async\" src=\"https:\/\/www.rj-hotel.eu\/de\/wp-content\/uploads\/sites\/2\/2019\/04\/Maisonette_Suite_02_a.jpg\" class=\"img-fluid\"><\/div><div class=\"carousel-item \"><img decoding=\"async\" src=\"https:\/\/www.rj-hotel.eu\/de\/wp-content\/uploads\/sites\/2\/2019\/04\/Maisonette_Suite_01_a.jpg\" class=\"img-fluid\"><\/div><\/div><a class=\"carousel-control-prev\" href=\"#gallery_1777511014\" role=\"button\" data-slide=\"prev\"><span class=\"carousel-control-prev-icon\" aria-hidden=\"true\"><\/span><span class=\"sr-only\">Previous<\/span><\/a><a class=\"carousel-control-next\" href=\"#gallery_1777511014\" role=\"button\" data-slide=\"next\"><span class=\"carousel-control-next-icon\" aria-hidden=\"true\"><\/span><span class=\"sr-only\">Next<\/span><\/a><\/div>\n<p><strong><div class=\"text-center\"><a href=\"#\" class=\"btn btn-transparent d21-trigger-ibe\"data-d21=\"{'room_id':87446}\">Jetzt buchen<\/a><\/div><\/strong><\/p>\n<div>\n<div class=\"info\"><\/div>\n<\/div>\n<div>\n<h6><strong>Allgemein<\/strong><\/h6>\n<p>Nichtraucher Zimmer, schallisolierte Zimmer, Heizung, Holz-\/Parkettboden, Allergikerfreundliche Bettw\u00e4sche\/Zimmer.<br \/>\nDas Zimmer verf\u00fcgt \u00fcber einen Flachbild -Kabel-TV, Schrank, Schreibtisch, ein eigenes Badezimmer mit WC\/Dusche, Haartrockner und kostenfreien\u00a0Pflegeprodukten.<\/p>\n<p><strong>Kinder und Babybetten<br \/>\n<\/strong><strong>Kostenlos!<\/strong>\u00a0Alle Kinder unter 3 Jahren \u00fcbernachten kostenfrei im Bett der Eltern mit.<br \/>\n<strong>Kostenlos!<\/strong>\u00a0Ein Kind unter 2 Jahren zahlt keinen Aufpreis f\u00fcr ein Babybett.<\/p>\n<p><strong>Zustellbetten<br \/>\n<\/strong>F\u00fcr Erwachsene und Kinder ab 14 Jahren kostet ein Zustellbett \u00a0pro Nacht und Person EUR 40 ! Ein Kind unter 13 Jahren bezahlt EUR 25 pro Nacht und Person f\u00fcr ein Zustellbett. Das Zimmer bietet Platz f\u00fcr maximal ein Zustellbett\/Babybett.<br \/>\n<strong>Zus\u00e4tzliche Kosten sind nicht im Gesamtpreis enthalten und m\u00fcssen separat w\u00e4hrend Ihres Aufenthaltes bezahlt werden.<\/strong><\/p>\n<p><strong>Stornierung<br \/>\n<\/strong>Bis zu 14 Tage vor der Anreise k\u00f6nnen Sie kostenfrei stornieren. Bei einer Stornierung in den 14 Tagen vor der Anreise zahlen Sie einen Betrag in H\u00f6he der ersten Nacht.<\/p>\n<div id=\"cancellation_policy\" class=\"description tracked description--bhep-cancellation\" data-et-view=\"TULQDSRVKaMUZSbcZYVeCLSTfXNKOLDJIEGZYZSEPcCJXDbHe:1\">\n<div><strong>Vorauszahlung<br \/>\n<\/strong>Vorauszahlungsbedingungen \u00e4ndern sich je nach Zimmerkategorie.<\/div>\n<\/div>\n<div class=\"description\">\n<div><\/div>\n<div><strong>Haustiere<\/strong><\/div>\n<\/div>\n<div class=\"description\">\n<div>Haustiere sind nicht gestattet.<\/div>\n<div><\/div>\n<div><strong><a href=\"http:\/\/www.rj-hotel.eu\/de\/zimmer\/\">Zur\u00fcck zur Auswahl &gt;<\/a><\/strong><\/div>\n<\/div>\n<div class=\"row\">\n<div class=\"col\"><\/div>\n<\/div>\n<\/div>","protected":false},"excerpt":{"rendered":"<p>Unser ca. 75 qm gro\u00dfes Maisonette Suite mit Flussblick ist auf zwei Etagen aufgeteilt. Das untere Zimmer verf\u00fcgt \u00fcber ein &#8230;<\/p>\n","protected":false},"author":2,"featured_media":0,"parent":31,"menu_order":0,"comment_status":"closed","ping_status":"closed","template":"page-room.php","meta":{"footnotes":""},"class_list":["post-163","page","type-page","status-publish","hentry"],"_links":{"self":[{"href":"https:\/\/www.rj-hotel.eu\/de\/wp-json\/wp\/v2\/pages\/163","targetHints":{"allow":["GET"]}}],"collection":[{"href":"https:\/\/www.rj-hotel.eu\/de\/wp-json\/wp\/v2\/pages"}],"about":[{"href":"https:\/\/www.rj-hotel.eu\/de\/wp-json\/wp\/v2\/types\/page"}],"author":[{"embeddable":true,"href":"https:\/\/www.rj-hotel.eu\/de\/wp-json\/wp\/v2\/users\/2"}],"replies":[{"embeddable":true,"href":"https:\/\/www.rj-hotel.eu\/de\/wp-json\/wp\/v2\/comments?post=163"}],"version-history":[{"count":30,"href":"https:\/\/www.rj-hotel.eu\/de\/wp-json\/wp\/v2\/pages\/163\/revisions"}],"predecessor-version":[{"id":680,"href":"https:\/\/www.rj-hotel.eu\/de\/wp-json\/wp\/v2\/pages\/163\/revisions\/680"}],"up":[{"embeddable":true,"href":"https:\/\/www.rj-hotel.eu\/de\/wp-json\/wp\/v2\/pages\/31"}],"wp:attachment":[{"href":"https:\/\/www.rj-hotel.eu\/de\/wp-json\/wp\/v2\/media?parent=163"}],"curies":[{"name":"wp","href":"https:\/\/api.w.org\/{rel}","templated":true}]}}