{"id":81,"date":"2019-03-28T22:13:54","date_gmt":"2019-03-28T21:13:54","guid":{"rendered":"http:\/\/www.rj-hotel.eu\/de\/?page_id=81"},"modified":"2019-05-02T19:45:11","modified_gmt":"2019-05-02T17:45:11","slug":"shuttle-service","status":"publish","type":"page","link":"https:\/\/www.rj-hotel.eu\/de\/shuttle-service\/","title":{"rendered":"Shuttle Service"},"content":{"rendered":"<h4><\/h4>\n<h4><\/h4>\n<h4><\/h4>\n<h4 style=\"text-align: center;\"><strong>MIT UNS MOBIL<\/strong><\/h4>\n<p style=\"text-align: center;\">Wir bringen Sie stressfrei, zuverl\u00e4ssig und sicher ans Ziel.<br \/>\nVom Flughafen zu unserer Haust\u00fcre und zur\u00fcck? Kein Problem. Unsere erfahrenen Chauffeure sorgen daf\u00fcr,<br \/>\ndass Sie in beiden F\u00e4llen p\u00fcnktlich ankommen.<\/p>\n<p>&nbsp;<\/p>\n<p>&nbsp;<\/p>\n<h4 style=\"text-align: center;\"><strong>ENTDECKEN SIE DIE UMGEBUNG<\/strong><\/h4>\n<p style=\"text-align: center;\">\u200bMit R&amp;J Hotel erkunden Sie nahezu ganz Ortenau. Egal wohin, egal wie weit.<br \/>\nUnser Shuttle-Service bringt Sie an alle sehensw\u00fcrdigen Orte der Ortenau. Dabei sein ist alles.<br \/>\nIm R&amp;J Hotel gewesen sein ist mehr.<\/p>\n<p>&nbsp;<\/p>\n<p><a class=\"btn btn-black\" style=\"text-align: center;\" href=\"http:\/\/www.rj-hotel.eu\/de\/places-to-be\/\">Zu den Freizeitaktivit\u00e4ten<\/a><\/p>\n<p>&nbsp;<\/p>\n<p>&nbsp;<\/p>\n<h4 style=\"text-align: center;\"><strong>DIE BUCHUNG IST GANZ EINFACH<\/strong><\/h4>\n<p style=\"text-align: center;\">Entweder Sie rufen unsere Service-Hotline unter der Rufnummer +49 7822 780 989 &#8211; 5 an oder f\u00fcllen Sie das Kontaktformular aus.<br \/>\nWenn Sie weitere Fragen haben, sprechen Sie mit unserem Team oder\u00a0schreiben Sie uns.<\/p>","protected":false},"excerpt":{"rendered":"<p>MIT UNS MOBIL Wir bringen Sie stressfrei, zuverl\u00e4ssig und sicher ans Ziel. Vom Flughafen zu unserer Haust\u00fcre und zur\u00fcck? Kein &#8230;<\/p>\n","protected":false},"author":1,"featured_media":0,"parent":0,"menu_order":0,"comment_status":"closed","ping_status":"closed","template":"page-shuttel-service.php","meta":{"footnotes":""},"class_list":["post-81","page","type-page","status-publish","hentry"],"_links":{"self":[{"href":"https:\/\/www.rj-hotel.eu\/de\/wp-json\/wp\/v2\/pages\/81","targetHints":{"allow":["GET"]}}],"collection":[{"href":"https:\/\/www.rj-hotel.eu\/de\/wp-json\/wp\/v2\/pages"}],"about":[{"href":"https:\/\/www.rj-hotel.eu\/de\/wp-json\/wp\/v2\/types\/page"}],"author":[{"embeddable":true,"href":"https:\/\/www.rj-hotel.eu\/de\/wp-json\/wp\/v2\/users\/1"}],"replies":[{"embeddable":true,"href":"https:\/\/www.rj-hotel.eu\/de\/wp-json\/wp\/v2\/comments?post=81"}],"version-history":[{"count":25,"href":"https:\/\/www.rj-hotel.eu\/de\/wp-json\/wp\/v2\/pages\/81\/revisions"}],"predecessor-version":[{"id":241,"href":"https:\/\/www.rj-hotel.eu\/de\/wp-json\/wp\/v2\/pages\/81\/revisions\/241"}],"wp:attachment":[{"href":"https:\/\/www.rj-hotel.eu\/de\/wp-json\/wp\/v2\/media?parent=81"}],"curies":[{"name":"wp","href":"https:\/\/api.w.org\/{rel}","templated":true}]}}